{"id":98,"date":"2019-02-13T10:14:10","date_gmt":"2019-02-13T09:14:10","guid":{"rendered":"http:\/\/lesparqueteurs.fr\/?page_id=98"},"modified":"2019-05-20T07:00:05","modified_gmt":"2019-05-20T05:00:05","slug":"reparation-poncage-vitrification","status":"publish","type":"page","link":"https:\/\/lesparqueteurs.net\/?page_id=98","title":{"rendered":"Pon\u00e7age, Vitrification"},"content":{"rendered":"\n<p>\nNotre soci\u00e9t\u00e9 est sp\u00e9cialis\u00e9e dans le pon\u00e7age et la\nvitrification de parquet massif ou contre coll\u00e9. Nous utilisons du\nmat\u00e9riel professionnel pour le traitement de vos sols. Nous\ntravaillons avec les pon\u00e7euses \u00ab&nbsp;KLINDEX&nbsp;\u00bb<\/p>\n\n\n\n<p>Le pon\u00e7age se fait en 3 \u00e9tapes\u00a0:<br>&#8211; Pon\u00e7age du sol sur 4 grains diff\u00e9rents<br>&#8211; Application d\u2019une sous couche<br>&#8211; Vitrification , 2 couches de vitrificateurs<\/p>\n\n\n\n<p><\/p>\n","protected":false},"excerpt":{"rendered":"<p>Notre soci\u00e9t\u00e9 est sp\u00e9cialis\u00e9e dans le pon\u00e7age et la vitrification de parquet massif ou contre coll\u00e9. Nous utilisons du mat\u00e9riel professionnel pour le traitement de vos sols. Nous travaillons avec les pon\u00e7euses \u00ab&nbsp;KLINDEX&nbsp;\u00bb Le pon\u00e7age se fait en 3 \u00e9tapes\u00a0:&#8211; Pon\u00e7age du sol sur 4&#8230;<\/p>\n","protected":false},"author":2,"featured_media":198,"parent":0,"menu_order":0,"comment_status":"closed","ping_status":"closed","template":"","meta":{"footnotes":""},"_links":{"self":[{"href":"https:\/\/lesparqueteurs.net\/index.php?rest_route=\/wp\/v2\/pages\/98"}],"collection":[{"href":"https:\/\/lesparqueteurs.net\/index.php?rest_route=\/wp\/v2\/pages"}],"about":[{"href":"https:\/\/lesparqueteurs.net\/index.php?rest_route=\/wp\/v2\/types\/page"}],"author":[{"embeddable":true,"href":"https:\/\/lesparqueteurs.net\/index.php?rest_route=\/wp\/v2\/users\/2"}],"replies":[{"embeddable":true,"href":"https:\/\/lesparqueteurs.net\/index.php?rest_route=%2Fwp%2Fv2%2Fcomments&post=98"}],"version-history":[{"count":7,"href":"https:\/\/lesparqueteurs.net\/index.php?rest_route=\/wp\/v2\/pages\/98\/revisions"}],"predecessor-version":[{"id":278,"href":"https:\/\/lesparqueteurs.net\/index.php?rest_route=\/wp\/v2\/pages\/98\/revisions\/278"}],"wp:featuredmedia":[{"embeddable":true,"href":"https:\/\/lesparqueteurs.net\/index.php?rest_route=\/wp\/v2\/media\/198"}],"wp:attachment":[{"href":"https:\/\/lesparqueteurs.net\/index.php?rest_route=%2Fwp%2Fv2%2Fmedia&parent=98"}],"curies":[{"name":"wp","href":"https:\/\/api.w.org\/{rel}","templated":true}]}}