{"id":9,"date":"2019-01-18T12:07:58","date_gmt":"2019-01-18T11:07:58","guid":{"rendered":"http:\/\/lesparqueteurs.fr\/?page_id=9"},"modified":"2019-05-20T06:55:39","modified_gmt":"2019-05-20T04:55:39","slug":"a-propos-de","status":"publish","type":"page","link":"https:\/\/lesparqueteurs.net\/?page_id=9","title":{"rendered":"Pose Terrasses"},"content":{"rendered":"\n<p>Nous travaillons essentiellement avec des bois\nexotiques, comme l\u2019IPE ou le KUMARU. Ces essences br\u00e9siliennes\nassurent une tr\u00e8s bonne stabilit\u00e9 et doivent \u00eatre fix\u00e9es sur des\nlambourdes exotiques.<\/p>\n\n\n\n<figure class=\"wp-block-image is-resized\"><img loading=\"lazy\" decoding=\"async\" src=\"http:\/\/lesparqueteurs.fr\/wp-content\/uploads\/2019\/02\/TerrasseParquet1.jpg\" alt=\"\" class=\"wp-image-151\" width=\"766\" height=\"431\" srcset=\"https:\/\/lesparqueteurs.net\/wp-content\/uploads\/2019\/02\/TerrasseParquet1.jpg 640w, https:\/\/lesparqueteurs.net\/wp-content\/uploads\/2019\/02\/TerrasseParquet1-300x169.jpg 300w\" sizes=\"(max-width: 766px) 100vw, 766px\" \/><\/figure>\n\n\n\n<figure class=\"wp-block-image is-resized\"><img loading=\"lazy\" decoding=\"async\" src=\"http:\/\/lesparqueteurs.fr\/wp-content\/uploads\/2019\/02\/terrasse-1024x374.jpg\" alt=\"\" class=\"wp-image-195\" width=\"765\" height=\"279\" srcset=\"https:\/\/lesparqueteurs.net\/wp-content\/uploads\/2019\/02\/terrasse-1024x374.jpg 1024w, https:\/\/lesparqueteurs.net\/wp-content\/uploads\/2019\/02\/terrasse-300x110.jpg 300w, https:\/\/lesparqueteurs.net\/wp-content\/uploads\/2019\/02\/terrasse-768x281.jpg 768w, https:\/\/lesparqueteurs.net\/wp-content\/uploads\/2019\/02\/terrasse.jpg 1740w\" sizes=\"(max-width: 765px) 100vw, 765px\" \/><\/figure>\n","protected":false},"excerpt":{"rendered":"<p>Nous travaillons essentiellement avec des bois exotiques, comme l\u2019IPE ou le KUMARU. Ces essences br\u00e9siliennes assurent une tr\u00e8s bonne stabilit\u00e9 et doivent \u00eatre fix\u00e9es sur des lambourdes exotiques.<\/p>\n","protected":false},"author":2,"featured_media":191,"parent":0,"menu_order":0,"comment_status":"closed","ping_status":"closed","template":"","meta":{"footnotes":""},"_links":{"self":[{"href":"https:\/\/lesparqueteurs.net\/index.php?rest_route=\/wp\/v2\/pages\/9"}],"collection":[{"href":"https:\/\/lesparqueteurs.net\/index.php?rest_route=\/wp\/v2\/pages"}],"about":[{"href":"https:\/\/lesparqueteurs.net\/index.php?rest_route=\/wp\/v2\/types\/page"}],"author":[{"embeddable":true,"href":"https:\/\/lesparqueteurs.net\/index.php?rest_route=\/wp\/v2\/users\/2"}],"replies":[{"embeddable":true,"href":"https:\/\/lesparqueteurs.net\/index.php?rest_route=%2Fwp%2Fv2%2Fcomments&post=9"}],"version-history":[{"count":12,"href":"https:\/\/lesparqueteurs.net\/index.php?rest_route=\/wp\/v2\/pages\/9\/revisions"}],"predecessor-version":[{"id":273,"href":"https:\/\/lesparqueteurs.net\/index.php?rest_route=\/wp\/v2\/pages\/9\/revisions\/273"}],"wp:featuredmedia":[{"embeddable":true,"href":"https:\/\/lesparqueteurs.net\/index.php?rest_route=\/wp\/v2\/media\/191"}],"wp:attachment":[{"href":"https:\/\/lesparqueteurs.net\/index.php?rest_route=%2Fwp%2Fv2%2Fmedia&parent=9"}],"curies":[{"name":"wp","href":"https:\/\/api.w.org\/{rel}","templated":true}]}}