{"id":35,"date":"2019-01-18T12:22:28","date_gmt":"2019-01-18T11:22:28","guid":{"rendered":"http:\/\/lesparqueteurs.fr\/?page_id=35"},"modified":"2019-05-20T06:58:42","modified_gmt":"2019-05-20T04:58:42","slug":"services-sinistres-degats-des-eaux","status":"publish","type":"page","link":"https:\/\/lesparqueteurs.net\/?page_id=35","title":{"rendered":"Sinistres \/ D\u00e9g\u00e2ts des eaux"},"content":{"rendered":"\n<p>Nous avons la technique et le savoir faire pour toutes reprises de vos parquets anciens, suite \u00e0 un d\u00e9g\u00e2t des eaux.<\/p>\n\n\n\n<figure class=\"wp-block-image is-resized\"><img loading=\"lazy\" decoding=\"async\" src=\"http:\/\/lesparqueteurs.fr\/wp-content\/uploads\/2019\/02\/CHANTIERATBAUB-111.jpg\" alt=\"\" class=\"wp-image-186\" width=\"640\" height=\"657\" srcset=\"https:\/\/lesparqueteurs.net\/wp-content\/uploads\/2019\/02\/CHANTIERATBAUB-111.jpg 480w, https:\/\/lesparqueteurs.net\/wp-content\/uploads\/2019\/02\/CHANTIERATBAUB-111-292x300.jpg 292w\" sizes=\"(max-width: 640px) 100vw, 640px\" \/><\/figure>\n\n\n\n<figure class=\"wp-block-image\"><img loading=\"lazy\" decoding=\"async\" width=\"702\" height=\"1024\" src=\"http:\/\/lesparqueteurs.fr\/wp-content\/uploads\/2019\/02\/CHANTIERATBAUB-128-702x1024.jpg\" alt=\"\" class=\"wp-image-184\" srcset=\"https:\/\/lesparqueteurs.net\/wp-content\/uploads\/2019\/02\/CHANTIERATBAUB-128-702x1024.jpg 702w, https:\/\/lesparqueteurs.net\/wp-content\/uploads\/2019\/02\/CHANTIERATBAUB-128-206x300.jpg 206w, https:\/\/lesparqueteurs.net\/wp-content\/uploads\/2019\/02\/CHANTIERATBAUB-128-768x1121.jpg 768w, https:\/\/lesparqueteurs.net\/wp-content\/uploads\/2019\/02\/CHANTIERATBAUB-128.jpg 1000w\" sizes=\"(max-width: 702px) 100vw, 702px\" \/><\/figure>\n","protected":false},"excerpt":{"rendered":"<p>Nous avons la technique et le savoir faire pour toutes reprises de vos parquets anciens, suite \u00e0 un d\u00e9g\u00e2t des eaux.<\/p>\n","protected":false},"author":2,"featured_media":0,"parent":0,"menu_order":0,"comment_status":"closed","ping_status":"closed","template":"","meta":{"footnotes":""},"_links":{"self":[{"href":"https:\/\/lesparqueteurs.net\/index.php?rest_route=\/wp\/v2\/pages\/35"}],"collection":[{"href":"https:\/\/lesparqueteurs.net\/index.php?rest_route=\/wp\/v2\/pages"}],"about":[{"href":"https:\/\/lesparqueteurs.net\/index.php?rest_route=\/wp\/v2\/types\/page"}],"author":[{"embeddable":true,"href":"https:\/\/lesparqueteurs.net\/index.php?rest_route=\/wp\/v2\/users\/2"}],"replies":[{"embeddable":true,"href":"https:\/\/lesparqueteurs.net\/index.php?rest_route=%2Fwp%2Fv2%2Fcomments&post=35"}],"version-history":[{"count":6,"href":"https:\/\/lesparqueteurs.net\/index.php?rest_route=\/wp\/v2\/pages\/35\/revisions"}],"predecessor-version":[{"id":277,"href":"https:\/\/lesparqueteurs.net\/index.php?rest_route=\/wp\/v2\/pages\/35\/revisions\/277"}],"wp:attachment":[{"href":"https:\/\/lesparqueteurs.net\/index.php?rest_route=%2Fwp%2Fv2%2Fmedia&parent=35"}],"curies":[{"name":"wp","href":"https:\/\/api.w.org\/{rel}","templated":true}]}}