{"id":153,"date":"2019-02-20T13:27:26","date_gmt":"2019-02-20T12:27:26","guid":{"rendered":"http:\/\/lesparqueteurs.fr\/?page_id=153"},"modified":"2019-05-20T07:03:49","modified_gmt":"2019-05-20T05:03:49","slug":"contre-colle","status":"publish","type":"page","link":"https:\/\/lesparqueteurs.net\/?page_id=153","title":{"rendered":"Contre coll\u00e9"},"content":{"rendered":"\n<p>\nG\u00e9n\u00e9ralement\nle plus utilis\u00e9.<\/p>\n\n\n\n<p>\nCompatible\nsur sol chauffant et\/ou rafraichissant.<\/p>\n\n\n\n<p>\nPermet\nd\u2019\u00eatre pos\u00e9 avec une sous-couche en pose flottante, ou coll\u00e9\ndirectement sur le support.<\/p>\n\n\n\n<p>\nLe\ncontre-coll\u00e9 est comme un \u00ab&nbsp;sandwich&nbsp;\u00bb une couche de\nbois massif (le parement)\nest coll\u00e9 sur un support (type contre plaqu\u00e9 ou latt\u00e9)<\/p>\n\n\n\n<p> <\/p>\n","protected":false},"excerpt":{"rendered":"<p>G\u00e9n\u00e9ralement le plus utilis\u00e9. Compatible sur sol chauffant et\/ou rafraichissant. Permet d\u2019\u00eatre pos\u00e9 avec une sous-couche en pose flottante, ou coll\u00e9 directement sur le support. Le contre-coll\u00e9 est comme un \u00ab&nbsp;sandwich&nbsp;\u00bb une couche de bois massif (le parement) est coll\u00e9 sur un support (type contre&#8230;<\/p>\n","protected":false},"author":2,"featured_media":0,"parent":0,"menu_order":0,"comment_status":"closed","ping_status":"closed","template":"","meta":{"footnotes":""},"_links":{"self":[{"href":"https:\/\/lesparqueteurs.net\/index.php?rest_route=\/wp\/v2\/pages\/153"}],"collection":[{"href":"https:\/\/lesparqueteurs.net\/index.php?rest_route=\/wp\/v2\/pages"}],"about":[{"href":"https:\/\/lesparqueteurs.net\/index.php?rest_route=\/wp\/v2\/types\/page"}],"author":[{"embeddable":true,"href":"https:\/\/lesparqueteurs.net\/index.php?rest_route=\/wp\/v2\/users\/2"}],"replies":[{"embeddable":true,"href":"https:\/\/lesparqueteurs.net\/index.php?rest_route=%2Fwp%2Fv2%2Fcomments&post=153"}],"version-history":[{"count":4,"href":"https:\/\/lesparqueteurs.net\/index.php?rest_route=\/wp\/v2\/pages\/153\/revisions"}],"predecessor-version":[{"id":280,"href":"https:\/\/lesparqueteurs.net\/index.php?rest_route=\/wp\/v2\/pages\/153\/revisions\/280"}],"wp:attachment":[{"href":"https:\/\/lesparqueteurs.net\/index.php?rest_route=%2Fwp%2Fv2%2Fmedia&parent=153"}],"curies":[{"name":"wp","href":"https:\/\/api.w.org\/{rel}","templated":true}]}}