{"id":152,"date":"2019-02-20T13:30:03","date_gmt":"2019-02-20T12:30:03","guid":{"rendered":"http:\/\/lesparqueteurs.fr\/?page_id=152"},"modified":"2024-02-08T15:56:58","modified_gmt":"2024-02-08T14:56:58","slug":"parquet-bois-massif","status":"publish","type":"page","link":"https:\/\/lesparqueteurs.net\/?page_id=152","title":{"rendered":"Bois massif &#8211; (\u00e2me pleine)"},"content":{"rendered":"\n<p>Le parquet en bois massif n\u00e9cessite un collage, Il doit \u00eatre pos\u00e9 sur un support sec. Le support doit \u00eatre sain et plan. Cette m\u00e9thode est cruciale pour le bois massif.<\/p>\n\n\n\n<p>Cette m\u00e9thode prot\u00e8ge le parquet et il faut absolument bien pr\u00e9parer le sol. Ainsi, pas de d\u00e9formation plus tard et les lames s&#8217;embo\u00eetent bien, pour un look parfait.<\/p>\n\n\n<div class=\"wp-block-image\">\n<figure class=\"aligncenter size-full is-resized\"><img loading=\"lazy\" decoding=\"async\" width=\"600\" height=\"800\" src=\"http:\/\/lesparqueteurs.net\/wp-content\/uploads\/2019\/02\/surface.jpeg\" alt=\"bois massif\" class=\"wp-image-209\" style=\"width:313px;height:auto\" srcset=\"https:\/\/lesparqueteurs.net\/wp-content\/uploads\/2019\/02\/surface.jpeg 600w, https:\/\/lesparqueteurs.net\/wp-content\/uploads\/2019\/02\/surface-225x300.jpeg 225w\" sizes=\"(max-width: 600px) 100vw, 600px\" \/><\/figure><\/div>\n\n\n<p><\/p>\n","protected":false},"excerpt":{"rendered":"<p>Le parquet en bois massif n\u00e9cessite un collage, Il doit \u00eatre pos\u00e9 sur un support sec. Le support doit \u00eatre sain et plan. Cette m\u00e9thode est cruciale pour le bois massif. Cette m\u00e9thode prot\u00e8ge le parquet et il faut absolument bien pr\u00e9parer le sol. Ainsi,&#8230;<\/p>\n","protected":false},"author":2,"featured_media":0,"parent":0,"menu_order":0,"comment_status":"closed","ping_status":"closed","template":"","meta":{"footnotes":""},"_links":{"self":[{"href":"https:\/\/lesparqueteurs.net\/index.php?rest_route=\/wp\/v2\/pages\/152"}],"collection":[{"href":"https:\/\/lesparqueteurs.net\/index.php?rest_route=\/wp\/v2\/pages"}],"about":[{"href":"https:\/\/lesparqueteurs.net\/index.php?rest_route=\/wp\/v2\/types\/page"}],"author":[{"embeddable":true,"href":"https:\/\/lesparqueteurs.net\/index.php?rest_route=\/wp\/v2\/users\/2"}],"replies":[{"embeddable":true,"href":"https:\/\/lesparqueteurs.net\/index.php?rest_route=%2Fwp%2Fv2%2Fcomments&post=152"}],"version-history":[{"count":8,"href":"https:\/\/lesparqueteurs.net\/index.php?rest_route=\/wp\/v2\/pages\/152\/revisions"}],"predecessor-version":[{"id":368,"href":"https:\/\/lesparqueteurs.net\/index.php?rest_route=\/wp\/v2\/pages\/152\/revisions\/368"}],"wp:attachment":[{"href":"https:\/\/lesparqueteurs.net\/index.php?rest_route=%2Fwp%2Fv2%2Fmedia&parent=152"}],"curies":[{"name":"wp","href":"https:\/\/api.w.org\/{rel}","templated":true}]}}