{"id":10,"date":"2019-01-18T12:07:58","date_gmt":"2019-01-18T11:07:58","guid":{"rendered":"http:\/\/lesparqueteurs.fr\/?page_id=10"},"modified":"2019-07-18T16:09:36","modified_gmt":"2019-07-18T14:09:36","slug":"solsmarbre","status":"publish","type":"page","link":"https:\/\/lesparqueteurs.net\/?page_id=10","title":{"rendered":"Traitement Marbre"},"content":{"rendered":"<p class=\"western\">Notre soci\u00e9t\u00e9 vous garantit un travail de qualit\u00e9 avec une m\u00e9thode et des outils professionnels.<\/p>\n<p class=\"western\">Notre m\u00e9thode consiste \u00e0 poncer le marbre, granito et travertin \u00e0 l\u2019aide de pierres diamant\u00e9es suivi d\u2019un poly-brillant m\u00e9canique.<\/p>\n\n\n<p><\/p>\n","protected":false},"excerpt":{"rendered":"<p>Notre soci\u00e9t\u00e9 vous garantit un travail de qualit\u00e9 avec une m\u00e9thode et des outils professionnels. Notre m\u00e9thode consiste \u00e0 poncer le marbre, granito et travertin \u00e0 l\u2019aide de pierres diamant\u00e9es suivi d\u2019un poly-brillant m\u00e9canique.<\/p>\n","protected":false},"author":2,"featured_media":197,"parent":0,"menu_order":0,"comment_status":"closed","ping_status":"closed","template":"","meta":{"footnotes":""},"_links":{"self":[{"href":"https:\/\/lesparqueteurs.net\/index.php?rest_route=\/wp\/v2\/pages\/10"}],"collection":[{"href":"https:\/\/lesparqueteurs.net\/index.php?rest_route=\/wp\/v2\/pages"}],"about":[{"href":"https:\/\/lesparqueteurs.net\/index.php?rest_route=\/wp\/v2\/types\/page"}],"author":[{"embeddable":true,"href":"https:\/\/lesparqueteurs.net\/index.php?rest_route=\/wp\/v2\/users\/2"}],"replies":[{"embeddable":true,"href":"https:\/\/lesparqueteurs.net\/index.php?rest_route=%2Fwp%2Fv2%2Fcomments&post=10"}],"version-history":[{"count":11,"href":"https:\/\/lesparqueteurs.net\/index.php?rest_route=\/wp\/v2\/pages\/10\/revisions"}],"predecessor-version":[{"id":296,"href":"https:\/\/lesparqueteurs.net\/index.php?rest_route=\/wp\/v2\/pages\/10\/revisions\/296"}],"wp:featuredmedia":[{"embeddable":true,"href":"https:\/\/lesparqueteurs.net\/index.php?rest_route=\/wp\/v2\/media\/197"}],"wp:attachment":[{"href":"https:\/\/lesparqueteurs.net\/index.php?rest_route=%2Fwp%2Fv2%2Fmedia&parent=10"}],"curies":[{"name":"wp","href":"https:\/\/api.w.org\/{rel}","templated":true}]}}